{"id":1042,"date":"2017-03-01T16:10:59","date_gmt":"2017-03-01T14:10:59","guid":{"rendered":"http:\/\/www.asistadenetim.com\/?page_id=1042"},"modified":"2017-03-01T16:11:03","modified_gmt":"2017-03-01T14:11:03","slug":"hakkimizda-2","status":"publish","type":"page","link":"https:\/\/www.asistadenetim.com\/?page_id=1042","title":{"rendered":"Hakk\u0131m\u0131zda"},"content":{"rendered":"<p>Asista Grup; Siz de\u011ferli m\u00fc\u015fterilerimizin sanayi, ticaret ve hizmet alanlar\u0131nda yat\u0131r\u0131mlar yaparken kendilerini daha g\u00fcvende hissedecekleri sahalar olu\u015fturmak, ticaretlerini g\u00fc\u00e7l\u00fc temeller \u00fczerine kurabilmelerini sa\u011flamak i\u00e7in deneyimli kadrosu ile yan\u0131n\u0131zda olmay\u0131 hedeflemektedir.<\/p>\n<p>Asista; kadrosunda bulunan konusunda uzman, mesleki tecr\u00fcbeye sahip <strong>Yeminli Mali M\u00fc\u015favirler ve Ba\u011f\u0131ms\u0131z Denet\u00e7iler<\/strong> ile ulusal ve uluslararas\u0131 \u015firketlere;<\/p>\n<ul>\n<li>Tam Tasdik Denetimi<\/li>\n<li>Ba\u011f\u0131ms\u0131z Denetim<\/li>\n<li>Vergi ve KDV iadeleri<\/li>\n<li>Hile Denetimleri<\/li>\n<li>Faaliyet ve Etkinlik Denetimleri<\/li>\n<li>Vergi ve SGK Uyu\u015fmazl\u0131klar\u0131\u015eirketimiz, vermi\u015f oldu\u011fu hizmetlerde m\u00fc\u015fteri memnuniyeti ve hizmet kalitesini \u00f6n planda tutarak hizmet verdi\u011fi alanlar\u0131 h\u0131zla geni\u015fletmi\u015ftir.<\/li>\n<li>Ba\u015fta olmak \u00fczere bir\u00e7ok alanda hizmet vermeye devam etmektedir.<\/li>\n<\/ul>\n<p><span style=\"color: #000000; font-family: Times New Roman;\">Asista; B\u00fcnyesinde bar\u0131nd\u0131rd\u0131\u011f\u0131 <strong>Asista Ba\u011f\u0131ms\u0131z Denetim A.\u015e ve Asista Yeminli Mali M\u00fc\u015favirlik A.\u015e.<\/strong> ile m\u00fc\u015fterilerine h\u0131zl\u0131, g\u00fcvenli ve do\u011fru \u015fekilde hizmet sunmay\u0131 ilke edinmi\u015ftir.<\/span><\/p>\n","protected":false},"excerpt":{"rendered":"<p>Asista Grup; Siz de\u011ferli m\u00fc\u015fterilerimizin sanayi, ticaret ve hizmet alanlar\u0131nda yat\u0131r\u0131mlar yaparken kendilerini daha g\u00fcvende hissedecekleri sahalar olu\u015fturmak, ticaretlerini g\u00fc\u00e7l\u00fc temeller \u00fczerine kurabilmelerini sa\u011flamak i\u00e7in deneyimli kadrosu ile yan\u0131n\u0131zda olmay\u0131 hedeflemektedir. Asista; kadrosunda bulunan konusunda uzman, mesleki tecr\u00fcbeye sahip Yeminli Mali M\u00fc\u015favirler ve Ba\u011f\u0131ms\u0131z Denet\u00e7iler ile ulusal ve uluslararas\u0131 \u015firketlere; Tam Tasdik Denetimi Ba\u011f\u0131ms\u0131z Denetim [&hellip;]<\/p>\n","protected":false},"author":1,"featured_media":0,"parent":0,"menu_order":0,"comment_status":"closed","ping_status":"closed","template":"","meta":{"footnotes":""},"class_list":["post-1042","page","type-page","status-publish","hentry"],"_links":{"self":[{"href":"https:\/\/www.asistadenetim.com\/index.php?rest_route=\/wp\/v2\/pages\/1042","targetHints":{"allow":["GET"]}}],"collection":[{"href":"https:\/\/www.asistadenetim.com\/index.php?rest_route=\/wp\/v2\/pages"}],"about":[{"href":"https:\/\/www.asistadenetim.com\/index.php?rest_route=\/wp\/v2\/types\/page"}],"author":[{"embeddable":true,"href":"https:\/\/www.asistadenetim.com\/index.php?rest_route=\/wp\/v2\/users\/1"}],"replies":[{"embeddable":true,"href":"https:\/\/www.asistadenetim.com\/index.php?rest_route=%2Fwp%2Fv2%2Fcomments&post=1042"}],"version-history":[{"count":2,"href":"https:\/\/www.asistadenetim.com\/index.php?rest_route=\/wp\/v2\/pages\/1042\/revisions"}],"predecessor-version":[{"id":1046,"href":"https:\/\/www.asistadenetim.com\/index.php?rest_route=\/wp\/v2\/pages\/1042\/revisions\/1046"}],"wp:attachment":[{"href":"https:\/\/www.asistadenetim.com\/index.php?rest_route=%2Fwp%2Fv2%2Fmedia&parent=1042"}],"curies":[{"name":"wp","href":"https:\/\/api.w.org\/{rel}","templated":true}]}}