{"id":127,"date":"2011-03-14T08:50:23","date_gmt":"2011-03-14T08:50:23","guid":{"rendered":"http:\/\/www.vergihaber.net\/?page_id=45"},"modified":"2018-09-11T13:50:29","modified_gmt":"2018-09-11T10:50:29","slug":"nelerden-vergi-ssk-kesilir","status":"publish","type":"page","link":"https:\/\/www.asistadenetim.com\/?page_id=127","title":{"rendered":"Makaleler"},"content":{"rendered":"<p><a href=\"http:\/\/www.asistadenetim.com\/wp-content\/uploads\/2018\/09\/A.\u015e.-\u0130LE-TLD.\u015eT\u0130-ARASINDA-K\u0130-BENZER-H\u00dcK\u00dcMLER-1.pdf\">A.\u015e. \u0130LE LTD.\u015eT\u0130 ARASINDA K\u0130 FARKLAR<\/a><\/p>\n","protected":false},"excerpt":{"rendered":"<p>A.\u015e. \u0130LE LTD.\u015eT\u0130 ARASINDA K\u0130 FARKLAR<\/p>\n","protected":false},"author":1,"featured_media":0,"parent":0,"menu_order":0,"comment_status":"closed","ping_status":"open","template":"","meta":{"footnotes":""},"class_list":["post-127","page","type-page","status-publish","hentry"],"_links":{"self":[{"href":"https:\/\/www.asistadenetim.com\/index.php?rest_route=\/wp\/v2\/pages\/127","targetHints":{"allow":["GET"]}}],"collection":[{"href":"https:\/\/www.asistadenetim.com\/index.php?rest_route=\/wp\/v2\/pages"}],"about":[{"href":"https:\/\/www.asistadenetim.com\/index.php?rest_route=\/wp\/v2\/types\/page"}],"author":[{"embeddable":true,"href":"https:\/\/www.asistadenetim.com\/index.php?rest_route=\/wp\/v2\/users\/1"}],"replies":[{"embeddable":true,"href":"https:\/\/www.asistadenetim.com\/index.php?rest_route=%2Fwp%2Fv2%2Fcomments&post=127"}],"version-history":[{"count":6,"href":"https:\/\/www.asistadenetim.com\/index.php?rest_route=\/wp\/v2\/pages\/127\/revisions"}],"predecessor-version":[{"id":2067,"href":"https:\/\/www.asistadenetim.com\/index.php?rest_route=\/wp\/v2\/pages\/127\/revisions\/2067"}],"wp:attachment":[{"href":"https:\/\/www.asistadenetim.com\/index.php?rest_route=%2Fwp%2Fv2%2Fmedia&parent=127"}],"curies":[{"name":"wp","href":"https:\/\/api.w.org\/{rel}","templated":true}]}}