{"id":130,"date":"2011-03-14T08:50:58","date_gmt":"2011-03-14T08:50:58","guid":{"rendered":"http:\/\/www.vergihaber.net\/?page_id=49"},"modified":"2018-10-18T11:38:27","modified_gmt":"2018-10-18T08:38:27","slug":"prim-tarifesi-ssk","status":"publish","type":"page","link":"https:\/\/www.asistadenetim.com\/?page_id=130","title":{"rendered":"Sirk\u00fcler"},"content":{"rendered":"<p><a href=\"http:\/\/www.asistadenetim.com\/wp-content\/uploads\/2011\/03\/Sirk\u00fcler-2017-1.docx\">Sirk\u00fcler 2017-01<\/a>\u00a0<strong>VERG\u0130 MEVZUATINDA YEN\u0130 HADLER<\/strong><\/p>\n<p>&nbsp;<\/p>\n<p><a href=\"http:\/\/www.asistadenetim.com\/wp-content\/uploads\/2011\/03\/Sirk\u00fcler-2017-2.docx\">Sirk\u00fcler 2017-02<\/a>\u00a0<strong>\u0130ND\u0130R\u0130ML\u0130 ORANA TAB\u0130 \u0130\u015eLEMLERDE YILI \u0130\u00c7ER\u0130S\u0130NDE \u0130ADE<\/strong><\/p>\n<p>&nbsp;<\/p>\n<p><a href=\"http:\/\/www.asistadenetim.com\/wp-content\/uploads\/2011\/03\/Sirk\u00fcler-2017-3.docx\">Sirk\u00fcler<\/a><a href=\"http:\/\/www.asistadenetim.com\/wp-content\/uploads\/2011\/03\/Sirk\u00fcler-2017-3.docx\"> 2017-03<\/a><strong>\u00a0\u0130ND\u0130R\u0130ML\u0130 ORANA TAB\u0130 \u0130\u015eLEMLERDE YILLIK \u0130ADE L\u0130M\u0130T\u0130<\/strong><\/p>\n<p>&nbsp;<\/p>\n<p><a href=\"http:\/\/www.asistadenetim.com\/wp-content\/uploads\/2018\/02\/Sirk\u00fcler-2018-01.docx\">Sirk\u00fcler 2018-01<\/a>\u00a0\u00a0<strong>2017-4. GE\u00c7\u0130C\u0130 VERG\u0130 D\u00d6NEM\u0130 \u0130\u00c7\u0130N UYGULANACAK YABANCI PARA DE\u011eERLER\u0130 <\/strong><\/p>\n<p>&nbsp;<\/p>\n<p><a href=\"http:\/\/www.asistadenetim.com\/wp-content\/uploads\/2018\/02\/Sirk\u00fcler-2018-02.docx\">Sirk\u00fcler 2018-02<\/a>\u00a0\u00a0<strong>2018 YILINDA EK MAL\u0130 TABLO D\u00dcZENLEME SINIRI<\/strong><\/p>\n<p>&nbsp;<\/p>\n<p><a href=\"http:\/\/www.asistadenetim.com\/wp-content\/uploads\/2018\/02\/Sirk\u00fcler-2018-03.docx\">Sirk\u00fcler 2018-03<\/a>\u00a0<strong>VERG\u0130DEN \u0130ST\u0130SNA KIDEM TAZM\u0130NATI, \u00c7OCUK YARDIMI VE AL\u0130LE YARDIMI \u0130\u00c7\u0130N YAPILAN \u00d6DEMELERDE \u0130ST\u0130SNA SINIR<\/strong><\/p>\n<p>&nbsp;<\/p>\n<p><a href=\"http:\/\/www.asistadenetim.com\/wp-content\/uploads\/2018\/02\/Sirk\u00fcler-2018-04.docx\">Sirk\u00fcler 2018-04<\/a>\u00a0<strong>D\u00d6V\u0130Z GEL\u0130R\u0130 OLMAYAN T\u00dcRK\u0130YE&#8217;DE YERLE\u015e\u0130K K\u0130\u015e\u0130LERCE D\u00d6V\u0130Z KRED\u0130S\u0130 KULLANILMASINA \u0130L\u0130\u015eK\u0130N KARAR<\/strong><\/p>\n<p>&nbsp;<\/p>\n<p><a href=\"http:\/\/www.asistadenetim.com\/wp-content\/uploads\/2018\/02\/Sirk\u00fcler-2018-05.docx\">Sirk\u00fcler 2018-05<\/a>\u00a0<strong>CAZ\u0130BE MERKEZLER\u0130 PROGRAMI KAPSAMINDA YATIRIMLARIN DESTEKLENMES\u0130 HAKKINDA KARAR<\/strong><\/p>\n<p>&nbsp;<\/p>\n<p><a href=\"http:\/\/www.asistadenetim.com\/wp-content\/uploads\/2018\/03\/Sirk\u00fcler-2018-06.docx\">Sirk\u00fcler 2018-06<\/a>\u00a0<strong>VERG\u0130YE UYUMLU M\u00dcKELLEFLER\u0130N BOR\u00c7LARININ TEC\u0130L\u0130 HAKKINDAK\u0130 EKL\u0130 KARARIN Y\u00dcR\u00dcRL\u00dc\u011eE KONULMASI<\/strong><\/p>\n<p>&nbsp;<\/p>\n<p><a href=\"http:\/\/www.asistadenetim.com\/wp-content\/uploads\/2018\/03\/Sirk\u00fcler-2018-07.docx\">Sirk\u00fcler 2018-07<\/a> <strong>SGK PR\u0130M\u0130NE \u0130LAVE 6 PUANLIK TE\u015eV\u0130K VER\u0130LEN \u0130LLER\u0130N S\u00dcRES\u0130N\u0130N UZATILMASI<\/strong><\/p>\n<p>&nbsp;<\/p>\n<p><a href=\"http:\/\/www.asistadenetim.com\/wp-content\/uploads\/2018\/06\/Sirk\u00fcler-2018-08.docx\">Sirk\u00fcler 2018-08<\/a> <strong>VERG\u0130 S\u0130RK\u00dcLER\u0130<\/strong><\/p>\n<ul>\n<li><a href=\"http:\/\/www.asistadenetim.com\/wp-content\/uploads\/2018\/06\/Sirk\u00fcler-2018-08-EK.pdf\">Sirk\u00fcler 2018-08 &#8211; EK<\/a>\u00a0<strong>Yeni Makine ve Te\u00e7hizat Listesi<\/strong><\/li>\n<\/ul>\n<p>&nbsp;<\/p>\n<p><a href=\"http:\/\/www.asistadenetim.com\/wp-content\/uploads\/2018\/06\/Sirk\u00fcler-2018-09.docx\">Sirk\u00fcler 2018-09<\/a>\u00a0<strong>7143 SAYILI KANUN&#8217;UN VERG\u0130 VE VARLIK BARI\u015eINA \u0130L\u0130\u015eK\u0130N D\u00dcZENLEMELER\u0130<\/strong><\/p>\n<ul>\n<li><a href=\"http:\/\/www.asistadenetim.com\/wp-content\/uploads\/2018\/06\/Sirk\u00fcler-2018-09-EK-1.pdf\">Sirk\u00fcler 2018-09 &#8211; EK 1<\/a>\u00a0<strong>7143 Say\u0131l\u0131 Kanun D\u00fczenlemeleri Matrah Vergi Art\u0131r\u0131m\u0131<\/strong><\/li>\n<li><a href=\"http:\/\/www.asistadenetim.com\/wp-content\/uploads\/2018\/06\/Sirk\u00fcler-2018-09-EK-2.pdf\">Sirk\u00fcler 2018-09 &#8211; EK 2<\/a> <strong>7143 Say\u0131l\u0131 Kanun Kesinle\u015fmi\u015f Ve Kesinle\u015fmemi\u015f Alacaklar \u0130le \u0130nceleme Ve Tarhiyat Safhas\u0131ndaki Alacaklar<\/strong><\/li>\n<li><a href=\"http:\/\/www.asistadenetim.com\/wp-content\/uploads\/2018\/06\/Sirk\u00fcler-2018-09-EK-3.pdf\">Sirk\u00fcler 2018-09 &#8211; EK 3<\/a> <strong>7143 Say\u0131l\u0131 Kanun Varl\u0131k Bar\u0131\u015f\u0131<\/strong><\/li>\n<\/ul>\n<p>&nbsp;<\/p>\n<p><a href=\"http:\/\/www.asistadenetim.com\/wp-content\/uploads\/2018\/06\/Sirk\u00fcler-2018-10.docx\">Sirk\u00fcler 2018-10<\/a> \u00a0<strong>7143 SAYILI KANUN D\u00dcZENLEMELER\u0130 &#8211; \u0130\u015eLETME KAYITLARININ D\u00dcZELT\u0130LMES\u0130<\/strong><\/p>\n<p>&nbsp;<\/p>\n<p><a href=\"http:\/\/www.asistadenetim.com\/wp-content\/uploads\/2018\/06\/Sirk\u00fcler-2018-11.docx\">Sirk\u00fcler 2018-11<\/a> <strong>\u0130\u015eYER\u0130 TESL\u0130MLER\u0130NDE KDV ORANI<\/strong><\/p>\n<p>&nbsp;<\/p>\n<p><a href=\"http:\/\/www.asistadenetim.com\/wp-content\/uploads\/2018\/06\/Sirk\u00fcler-2018-12.docx\">Sirk\u00fcler 2018-12<\/a>\u00a0<strong>TA\u015eINMAZLARIN YEN\u0130DEN DE\u011eERLEMES\u0130NE \u0130L\u0130\u015eK\u0130N KANUN<\/strong><\/p>\n<p>&nbsp;<\/p>\n<p><a href=\"http:\/\/www.asistadenetim.com\/wp-content\/uploads\/2018\/10\/Sirk\u00fcler-2018-13.docx\">Sirk\u00fcler 2018-13<\/a>\u00a0<strong>7103 SAYILI KANUN D\u00dcZENLEMELER\u0130NE VE \u00d6KC<\/strong><\/p>\n<p>&nbsp;<\/p>\n<p><a href=\"http:\/\/www.asistadenetim.com\/wp-content\/uploads\/2018\/10\/Sirk\u00fcler-2018-14.docx\">Sirk\u00fcler 2018-14<\/a> <strong>VERG\u0130 VE D\u0130\u011eER BAZI ALACAKLARIN YEN\u0130DEN YAPILANDIRILMASINA \u0130L\u0130\u015eK\u0130N BA\u015eVURU S\u00dcRELER\u0130<\/strong><\/p>\n<p>&nbsp;<\/p>\n<p><a href=\"http:\/\/www.asistadenetim.com\/wp-content\/uploads\/2018\/10\/Sirk\u00fcler-2018-15.docx\">Sirk\u00fcler 2018-15<\/a> <strong>\u0130HRACAT BEDELLER\u0130N\u0130N YURDA GET\u0130R\u0130LMES\u0130<\/strong><\/p>\n<p>&nbsp;<\/p>\n<p><a href=\"http:\/\/www.asistadenetim.com\/wp-content\/uploads\/2018\/10\/Sirk\u00fcler-2018-16.docx\">Sirk\u00fcler 2018-16<\/a> <strong>SERMAYEN\u0130N KAYBI VE BORCA BATIK OLMA<\/strong><\/p>\n<p>&nbsp;<\/p>\n<p><a href=\"http:\/\/www.asistadenetim.com\/wp-content\/uploads\/2018\/10\/Sirk\u00fcler-2018-17.docx\">Sirk\u00fcler 2018-17<\/a>\u00a0<strong>T\u00dcRK PARASI KIYMET\u0130N\u0130 KORUMA HAKKINDA KARAR<\/strong><\/p>\n<p>&nbsp;<\/p>\n","protected":false},"excerpt":{"rendered":"<p>Sirk\u00fcler 2017-01\u00a0VERG\u0130 MEVZUATINDA YEN\u0130 HADLER &nbsp; Sirk\u00fcler 2017-02\u00a0\u0130ND\u0130R\u0130ML\u0130 ORANA TAB\u0130 \u0130\u015eLEMLERDE YILI \u0130\u00c7ER\u0130S\u0130NDE \u0130ADE &nbsp; Sirk\u00fcler 2017-03\u00a0\u0130ND\u0130R\u0130ML\u0130 ORANA TAB\u0130 \u0130\u015eLEMLERDE YILLIK \u0130ADE L\u0130M\u0130T\u0130 &nbsp; Sirk\u00fcler 2018-01\u00a0\u00a02017-4. GE\u00c7\u0130C\u0130 VERG\u0130 D\u00d6NEM\u0130 \u0130\u00c7\u0130N UYGULANACAK YABANCI PARA DE\u011eERLER\u0130 &nbsp; Sirk\u00fcler 2018-02\u00a0\u00a02018 YILINDA EK MAL\u0130 TABLO D\u00dcZENLEME SINIRI &nbsp; Sirk\u00fcler 2018-03\u00a0VERG\u0130DEN \u0130ST\u0130SNA KIDEM TAZM\u0130NATI, \u00c7OCUK YARDIMI VE AL\u0130LE YARDIMI \u0130\u00c7\u0130N [&hellip;]<\/p>\n","protected":false},"author":1,"featured_media":0,"parent":0,"menu_order":0,"comment_status":"closed","ping_status":"open","template":"","meta":{"footnotes":""},"class_list":["post-130","page","type-page","status-publish","hentry"],"_links":{"self":[{"href":"https:\/\/www.asistadenetim.com\/index.php?rest_route=\/wp\/v2\/pages\/130","targetHints":{"allow":["GET"]}}],"collection":[{"href":"https:\/\/www.asistadenetim.com\/index.php?rest_route=\/wp\/v2\/pages"}],"about":[{"href":"https:\/\/www.asistadenetim.com\/index.php?rest_route=\/wp\/v2\/types\/page"}],"author":[{"embeddable":true,"href":"https:\/\/www.asistadenetim.com\/index.php?rest_route=\/wp\/v2\/users\/1"}],"replies":[{"embeddable":true,"href":"https:\/\/www.asistadenetim.com\/index.php?rest_route=%2Fwp%2Fv2%2Fcomments&post=130"}],"version-history":[{"count":16,"href":"https:\/\/www.asistadenetim.com\/index.php?rest_route=\/wp\/v2\/pages\/130\/revisions"}],"predecessor-version":[{"id":2134,"href":"https:\/\/www.asistadenetim.com\/index.php?rest_route=\/wp\/v2\/pages\/130\/revisions\/2134"}],"wp:attachment":[{"href":"https:\/\/www.asistadenetim.com\/index.php?rest_route=%2Fwp%2Fv2%2Fmedia&parent=130"}],"curies":[{"name":"wp","href":"https:\/\/api.w.org\/{rel}","templated":true}]}}