{"id":131,"date":"2011-03-14T08:51:17","date_gmt":"2011-03-14T08:51:17","guid":{"rendered":"http:\/\/www.vergihaber.net\/?page_id=51"},"modified":"2017-01-25T16:27:08","modified_gmt":"2017-01-25T14:27:08","slug":"engellilik-mevzuati","status":"publish","type":"page","link":"https:\/\/www.asistadenetim.com\/?page_id=131","title":{"rendered":"Vergi \u0130adesi ve Vergi Mevzuat\u0131"},"content":{"rendered":"<p><strong>KDV \u0130ade Raporlar\u0131<\/strong><\/p>\n<p>T\u00fcrkiye&#8217;de yap\u0131lan teslim ve hizmetler Katma De\u011fer Vergisine (KDV) tabidir. Ancak 3065 say\u0131l\u0131 KDV kanunun;<\/p>\n<ul>\n<li>9. maddesinde tevkifata tabii teslimler,<\/li>\n<li>11\/1-a. maddesinde mal ve hizmet ihracat\u0131 teslimleri,<\/li>\n<li>11\/1-b T\u00fcrkiye\u2019 de ikamet etmeyenlere yap\u0131lan teslimler,<\/li>\n<li>11\/1-c maddesinde ihra\u00e7 kay\u0131tl\u0131 olarak yap\u0131lan teslimler,<\/li>\n<li>13. maddesinde deniz ve hava ta\u015f\u0131ma ara\u00e7lar\u0131, imal ve in\u015fas\u0131, ithali ve bu ara\u00e7lara verilen hizmetler,<\/li>\n<li>14. maddesinde uluslararas\u0131 ta\u015f\u0131mac\u0131l\u0131k faaliyetleri,<\/li>\n<li>15. maddesinde diplomatik istisnalar,<\/li>\n<li>29. maddesinde indirimli orana tabii teslimler, (%18 al\u0131\u015f yapan %1 sat\u0131\u015f yapan in\u015faat firmalar\u0131, tekstil firmalar\u0131 vb gibi) KDV iadesi konusunda her t\u00fcrl\u00fc problemleriniz Asista Yeminli Mali M\u00fc\u015favirlik A.\u015e. kadrolar\u0131nda bulunan denetim elemanlar\u0131nca h\u0131zla \u00e7\u00f6z\u00fcmlenmektedir.<\/li>\n<li>Faaliyetlerden dolay\u0131 T\u00fcrkiye&#8217;de \u00f6denmi\u015f olan KDV, yap\u0131lan incelemeler sonucunda d\u00fczenlenen Yeminli Mali M\u00fc\u015favir Raporlar\u0131na g\u00f6re m\u00fcmk\u00fcn olan en k\u0131sa s\u00fcrede KDV iadelerinin vergi dairesinden al\u0131nmas\u0131 sa\u011flanmaktad\u0131r.<\/li>\n<\/ul>\n","protected":false},"excerpt":{"rendered":"<p>KDV \u0130ade Raporlar\u0131 T\u00fcrkiye&#8217;de yap\u0131lan teslim ve hizmetler Katma De\u011fer Vergisine (KDV) tabidir. Ancak 3065 say\u0131l\u0131 KDV kanunun; 9. maddesinde tevkifata tabii teslimler, 11\/1-a. maddesinde mal ve hizmet ihracat\u0131 teslimleri, 11\/1-b T\u00fcrkiye\u2019 de ikamet etmeyenlere yap\u0131lan teslimler, 11\/1-c maddesinde ihra\u00e7 kay\u0131tl\u0131 olarak yap\u0131lan teslimler, 13. maddesinde deniz ve hava ta\u015f\u0131ma ara\u00e7lar\u0131, imal ve in\u015fas\u0131, ithali [&hellip;]<\/p>\n","protected":false},"author":1,"featured_media":0,"parent":0,"menu_order":0,"comment_status":"closed","ping_status":"open","template":"","meta":{"footnotes":""},"class_list":["post-131","page","type-page","status-publish","hentry"],"_links":{"self":[{"href":"https:\/\/www.asistadenetim.com\/index.php?rest_route=\/wp\/v2\/pages\/131","targetHints":{"allow":["GET"]}}],"collection":[{"href":"https:\/\/www.asistadenetim.com\/index.php?rest_route=\/wp\/v2\/pages"}],"about":[{"href":"https:\/\/www.asistadenetim.com\/index.php?rest_route=\/wp\/v2\/types\/page"}],"author":[{"embeddable":true,"href":"https:\/\/www.asistadenetim.com\/index.php?rest_route=\/wp\/v2\/users\/1"}],"replies":[{"embeddable":true,"href":"https:\/\/www.asistadenetim.com\/index.php?rest_route=%2Fwp%2Fv2%2Fcomments&post=131"}],"version-history":[{"count":3,"href":"https:\/\/www.asistadenetim.com\/index.php?rest_route=\/wp\/v2\/pages\/131\/revisions"}],"predecessor-version":[{"id":960,"href":"https:\/\/www.asistadenetim.com\/index.php?rest_route=\/wp\/v2\/pages\/131\/revisions\/960"}],"wp:attachment":[{"href":"https:\/\/www.asistadenetim.com\/index.php?rest_route=%2Fwp%2Fv2%2Fmedia&parent=131"}],"curies":[{"name":"wp","href":"https:\/\/api.w.org\/{rel}","templated":true}]}}