{"id":132,"date":"2011-03-14T08:51:39","date_gmt":"2011-03-14T08:51:39","guid":{"rendered":"http:\/\/www.vergihaber.net\/?page_id=54"},"modified":"2017-01-25T16:35:18","modified_gmt":"2017-01-25T14:35:18","slug":"sosyal-guvenlik-terimleri-sozlugu","status":"publish","type":"page","link":"https:\/\/www.asistadenetim.com\/?page_id=132","title":{"rendered":"E\u011fitimlerimiz"},"content":{"rendered":"<p><strong>\u00a0<\/strong><\/p>\n<p><strong>E\u011e\u0130T\u0130M FAAL\u0130YETLER\u0130M\u0130Z<\/strong><\/p>\n<p>&nbsp;<\/p>\n<p>Asista grubu, \u015firketlere \u00f6zel ve a\u00e7\u0131k e\u011fitim programlar\u0131 ile e\u011fitim hizmetleri sunmaktad\u0131r.<\/p>\n<p>&nbsp;<\/p>\n<ul>\n<li>\u0130\u00e7 denetim<\/li>\n<li>\u00d6rt\u00fcl\u00fc Sermaye ve Transfer fiyatland\u0131rmas\u0131nda dikkat edilecek durumlar,<\/li>\n<li>Kurumlar vergisi De\u011ferleme ve D\u00f6nem sonu i\u015flemleri,<\/li>\n<li>Gelir vergisi De\u011ferleme ve D\u00f6nem sonu i\u015flemleri,<\/li>\n<li>\u015eirket faaliyet denetimleri,<\/li>\n<li>\u00c7ifte vergiyi \u00f6nleme anla\u015fmalar\u0131 \u00e7er\u00e7evesinde Debit Note ve Kredit Note muhasebele\u015ftirme,<\/li>\n<li>Risk bazl\u0131 i\u00e7 denetim planlar\u0131n\u0131n haz\u0131rlanmas\u0131,<\/li>\n<li>Hile ve Suistimal denetimlerinde dikkat edilecek husus<\/li>\n<\/ul>\n","protected":false},"excerpt":{"rendered":"<p>\u00a0 E\u011e\u0130T\u0130M FAAL\u0130YETLER\u0130M\u0130Z &nbsp; Asista grubu, \u015firketlere \u00f6zel ve a\u00e7\u0131k e\u011fitim programlar\u0131 ile e\u011fitim hizmetleri sunmaktad\u0131r. &nbsp; \u0130\u00e7 denetim \u00d6rt\u00fcl\u00fc Sermaye ve Transfer fiyatland\u0131rmas\u0131nda dikkat edilecek durumlar, Kurumlar vergisi De\u011ferleme ve D\u00f6nem sonu i\u015flemleri, Gelir vergisi De\u011ferleme ve D\u00f6nem sonu i\u015flemleri, \u015eirket faaliyet denetimleri, \u00c7ifte vergiyi \u00f6nleme anla\u015fmalar\u0131 \u00e7er\u00e7evesinde Debit Note ve Kredit Note muhasebele\u015ftirme, [&hellip;]<\/p>\n","protected":false},"author":1,"featured_media":0,"parent":0,"menu_order":0,"comment_status":"closed","ping_status":"open","template":"","meta":{"footnotes":""},"class_list":["post-132","page","type-page","status-publish","hentry"],"_links":{"self":[{"href":"https:\/\/www.asistadenetim.com\/index.php?rest_route=\/wp\/v2\/pages\/132","targetHints":{"allow":["GET"]}}],"collection":[{"href":"https:\/\/www.asistadenetim.com\/index.php?rest_route=\/wp\/v2\/pages"}],"about":[{"href":"https:\/\/www.asistadenetim.com\/index.php?rest_route=\/wp\/v2\/types\/page"}],"author":[{"embeddable":true,"href":"https:\/\/www.asistadenetim.com\/index.php?rest_route=\/wp\/v2\/users\/1"}],"replies":[{"embeddable":true,"href":"https:\/\/www.asistadenetim.com\/index.php?rest_route=%2Fwp%2Fv2%2Fcomments&post=132"}],"version-history":[{"count":2,"href":"https:\/\/www.asistadenetim.com\/index.php?rest_route=\/wp\/v2\/pages\/132\/revisions"}],"predecessor-version":[{"id":967,"href":"https:\/\/www.asistadenetim.com\/index.php?rest_route=\/wp\/v2\/pages\/132\/revisions\/967"}],"wp:attachment":[{"href":"https:\/\/www.asistadenetim.com\/index.php?rest_route=%2Fwp%2Fv2%2Fmedia&parent=132"}],"curies":[{"name":"wp","href":"https:\/\/api.w.org\/{rel}","templated":true}]}}