{"id":133,"date":"2011-03-14T08:52:21","date_gmt":"2011-03-14T08:52:21","guid":{"rendered":"http:\/\/www.vergihaber.net\/?page_id=58"},"modified":"2017-01-25T16:34:43","modified_gmt":"2017-01-25T14:34:43","slug":"tek-duzen-hesap-plani","status":"publish","type":"page","link":"https:\/\/www.asistadenetim.com\/?page_id=133","title":{"rendered":"Hukuk Dan\u0131\u015fmanl\u0131\u011f\u0131"},"content":{"rendered":"<p><strong>HUKUK DANI\u015eMANLI\u011eI<\/strong><\/p>\n<p>&nbsp;<\/p>\n<p>Asista Grubunun \u00f6nleyici hukuk hizmeti ile \u015fahs\u0131n\u0131z ve \u015firketinizin ticari hayat\u0131nda hukuki olarak bir sorunla kar\u015f\u0131la\u015fmadan \u00f6nlenmesi veya kar\u015f\u0131la\u015f\u0131lan bu sorunu m\u00fcmk\u00fcn olan en k\u00fc\u00e7\u00fck riskle atlat\u0131lmas\u0131 hedeflenmektedir.<\/p>\n<p>\u015eirketimiz gerek b\u00fcnyesinde bulunan gerekse \u00e7\u00f6z\u00fcm orta\u011f\u0131 hukuk\u00e7ular ile \u015firketinizin kar\u015f\u0131la\u015faca\u011f\u0131 her t\u00fcrl\u00fc hukuksal problemde size uygun \u00e7\u00f6z\u00fcm\u00fc \u00fcretecektir.<\/p>\n","protected":false},"excerpt":{"rendered":"<p>HUKUK DANI\u015eMANLI\u011eI &nbsp; Asista Grubunun \u00f6nleyici hukuk hizmeti ile \u015fahs\u0131n\u0131z ve \u015firketinizin ticari hayat\u0131nda hukuki olarak bir sorunla kar\u015f\u0131la\u015fmadan \u00f6nlenmesi veya kar\u015f\u0131la\u015f\u0131lan bu sorunu m\u00fcmk\u00fcn olan en k\u00fc\u00e7\u00fck riskle atlat\u0131lmas\u0131 hedeflenmektedir. \u015eirketimiz gerek b\u00fcnyesinde bulunan gerekse \u00e7\u00f6z\u00fcm orta\u011f\u0131 hukuk\u00e7ular ile \u015firketinizin kar\u015f\u0131la\u015faca\u011f\u0131 her t\u00fcrl\u00fc hukuksal problemde size uygun \u00e7\u00f6z\u00fcm\u00fc \u00fcretecektir.<\/p>\n","protected":false},"author":1,"featured_media":0,"parent":0,"menu_order":0,"comment_status":"closed","ping_status":"open","template":"","meta":{"footnotes":""},"class_list":["post-133","page","type-page","status-publish","hentry"],"_links":{"self":[{"href":"https:\/\/www.asistadenetim.com\/index.php?rest_route=\/wp\/v2\/pages\/133","targetHints":{"allow":["GET"]}}],"collection":[{"href":"https:\/\/www.asistadenetim.com\/index.php?rest_route=\/wp\/v2\/pages"}],"about":[{"href":"https:\/\/www.asistadenetim.com\/index.php?rest_route=\/wp\/v2\/types\/page"}],"author":[{"embeddable":true,"href":"https:\/\/www.asistadenetim.com\/index.php?rest_route=\/wp\/v2\/users\/1"}],"replies":[{"embeddable":true,"href":"https:\/\/www.asistadenetim.com\/index.php?rest_route=%2Fwp%2Fv2%2Fcomments&post=133"}],"version-history":[{"count":2,"href":"https:\/\/www.asistadenetim.com\/index.php?rest_route=\/wp\/v2\/pages\/133\/revisions"}],"predecessor-version":[{"id":966,"href":"https:\/\/www.asistadenetim.com\/index.php?rest_route=\/wp\/v2\/pages\/133\/revisions\/966"}],"wp:attachment":[{"href":"https:\/\/www.asistadenetim.com\/index.php?rest_route=%2Fwp%2Fv2%2Fmedia&parent=133"}],"curies":[{"name":"wp","href":"https:\/\/api.w.org\/{rel}","templated":true}]}}