{"id":135,"date":"2011-03-14T08:52:52","date_gmt":"2011-03-14T08:52:52","guid":{"rendered":"http:\/\/www.vergihaber.net\/?page_id=62"},"modified":"2017-01-25T16:30:11","modified_gmt":"2017-01-25T14:30:11","slug":"ulusal-meslek-standartlari","status":"publish","type":"page","link":"https:\/\/www.asistadenetim.com\/?page_id=135","title":{"rendered":"\u0130\u00e7 Denetim Kurulumu"},"content":{"rendered":"<p><strong>\u0130\u00e7 Denetim Hizmetleri<\/strong><\/p>\n<p>\u0130\u00e7 denetim; bir kurumun operasyonlar\u0131n\u0131 geli\u015ftirmek ve onlara de\u011fer katmak i\u00e7in tasarlanm\u0131\u015f bir ba\u011f\u0131ms\u0131z ve nesnel g\u00fcvence faaliyetidir. Risk y\u00f6netimi, kontrol ve y\u00f6neti\u015fim s\u00fcre\u00e7lerinin verimlili\u011fini de\u011ferlendirme alan\u0131nda disiplinli ve sistematik bir yakla\u015f\u0131m sunarak ilgili kurumun hedef ve ama\u00e7lar\u0131na ula\u015fmas\u0131na yard\u0131mc\u0131 olur.<\/p>\n<p>&nbsp;<\/p>\n<p>Asista Grup olarak sizlere verebilece\u011fimiz hizmetlerimiz:<\/p>\n<ul>\n<li>\u0130\u00e7 denetim fonksiyonunun kurulmas\u0131 \/ yeniden yap\u0131land\u0131r\u0131lmas\u0131,<\/li>\n<li>Risk bazl\u0131 i\u00e7 denetim plan\u0131 haz\u0131rlanmas\u0131,<\/li>\n<li>\u0130\u00e7 denetim departmanlar\u0131 kalite g\u00fcvence de\u011ferlendirmeleri yap\u0131lmas\u0131,<\/li>\n<li>Kontrol \u00f6z de\u011ferlendirme s\u00fcrecinin olu\u015fturulmas\u0131,<\/li>\n<li>Suistimal \u00f6nleme ve inceleme s\u00fcrecinin y\u00fcr\u00fct\u00fclmesi,<\/li>\n<li>\u0130\u00e7 denetim ve departman e\u011fitimlerinin verilmesi,<\/li>\n<li>\u0130\u00e7 denetim s\u00fcre\u00e7lerinin ve s\u00fcre\u00e7 kontrollerinin dok\u00fcmante edilmesi,\u00a0\u00a0\u00a0\u00a0\u00a0\u00a0\u00a0\u00a0\u00a0\u00a0\u00a0 \u00dcst d\u00fczey y\u00f6neticiler ve y\u00f6netim kurullar\u0131 i\u00e7 denet\u00e7ilerin paha bi\u00e7ilemez olduklar\u0131n\u0131 kabul ederler.<\/li>\n<li><\/li>\n<\/ul>\n","protected":false},"excerpt":{"rendered":"<p>\u0130\u00e7 Denetim Hizmetleri \u0130\u00e7 denetim; bir kurumun operasyonlar\u0131n\u0131 geli\u015ftirmek ve onlara de\u011fer katmak i\u00e7in tasarlanm\u0131\u015f bir ba\u011f\u0131ms\u0131z ve nesnel g\u00fcvence faaliyetidir. Risk y\u00f6netimi, kontrol ve y\u00f6neti\u015fim s\u00fcre\u00e7lerinin verimlili\u011fini de\u011ferlendirme alan\u0131nda disiplinli ve sistematik bir yakla\u015f\u0131m sunarak ilgili kurumun hedef ve ama\u00e7lar\u0131na ula\u015fmas\u0131na yard\u0131mc\u0131 olur. &nbsp; Asista Grup olarak sizlere verebilece\u011fimiz hizmetlerimiz: \u0130\u00e7 denetim fonksiyonunun kurulmas\u0131 [&hellip;]<\/p>\n","protected":false},"author":1,"featured_media":0,"parent":0,"menu_order":0,"comment_status":"closed","ping_status":"open","template":"","meta":{"footnotes":""},"class_list":["post-135","page","type-page","status-publish","hentry"],"_links":{"self":[{"href":"https:\/\/www.asistadenetim.com\/index.php?rest_route=\/wp\/v2\/pages\/135","targetHints":{"allow":["GET"]}}],"collection":[{"href":"https:\/\/www.asistadenetim.com\/index.php?rest_route=\/wp\/v2\/pages"}],"about":[{"href":"https:\/\/www.asistadenetim.com\/index.php?rest_route=\/wp\/v2\/types\/page"}],"author":[{"embeddable":true,"href":"https:\/\/www.asistadenetim.com\/index.php?rest_route=\/wp\/v2\/users\/1"}],"replies":[{"embeddable":true,"href":"https:\/\/www.asistadenetim.com\/index.php?rest_route=%2Fwp%2Fv2%2Fcomments&post=135"}],"version-history":[{"count":2,"href":"https:\/\/www.asistadenetim.com\/index.php?rest_route=\/wp\/v2\/pages\/135\/revisions"}],"predecessor-version":[{"id":964,"href":"https:\/\/www.asistadenetim.com\/index.php?rest_route=\/wp\/v2\/pages\/135\/revisions\/964"}],"wp:attachment":[{"href":"https:\/\/www.asistadenetim.com\/index.php?rest_route=%2Fwp%2Fv2%2Fmedia&parent=135"}],"curies":[{"name":"wp","href":"https:\/\/api.w.org\/{rel}","templated":true}]}}