{"id":137,"date":"2011-03-14T08:53:29","date_gmt":"2011-03-14T08:53:29","guid":{"rendered":"http:\/\/www.vergihaber.net\/?page_id=66"},"modified":"2017-01-25T16:28:35","modified_gmt":"2017-01-25T14:28:35","slug":"vergi-kodlari","status":"publish","type":"page","link":"https:\/\/www.asistadenetim.com\/?page_id=137","title":{"rendered":"\u0130\u015f Hukuku ve Sosyal G\u00fcvenlik Mevzuat\u0131"},"content":{"rendered":"<p><strong>\u0130\u015f Hukuku ve Sosyal G\u00fcvenlik Mevzuat\u0131<\/strong><\/p>\n<p>A\u011f\u0131\u015f i\u015f\u00e7ilik maliyetleri ve piyasa ko\u015fullar\u0131nda, Mal ve Hizmet \u00fcretimi ger\u00e7ekle\u015ftirmeye \u00e7al\u0131\u015fan i\u015fverenler 4857 say\u0131l\u0131 ve 5510 say\u0131l\u0131 i\u015f kanunu gibi a\u011f\u0131r y\u00fck\u00fcml\u00fcl\u00fckler getiren kanunlarla da ba\u015fa \u00e7\u0131kmaya \u00e7al\u0131\u015fmaktad\u0131r.<\/p>\n<p>Kanun koyucu i\u015f hukukuna ili\u015fkin esaslar\u0131 koyarken i\u015f\u00e7i ve i\u015fvereni e\u015fit \u015fekilde g\u00f6rmeyip i\u015f\u00e7iyi koruma alt\u0131na almay\u0131 tercih etmi\u015ftir. Bu durumda hem i\u015f\u00e7iler potansiyel ma\u011fdur olmu\u015f, i\u015fverenler de potansiyel istismar eden pozisyonuna gelmi\u015ftir. Bu durumda iki tarafta da ma\u011fdurlar ortaya \u00e7\u0131kmaktad\u0131r.<\/p>\n<p>Asista Grubu olarak i\u015f hukuku ve sosyal g\u00fcvenlik mevzuat\u0131 konusunda sizlere en geni\u015f alanda hizmet vermeye talibiz<\/p>\n","protected":false},"excerpt":{"rendered":"<p>\u0130\u015f Hukuku ve Sosyal G\u00fcvenlik Mevzuat\u0131 A\u011f\u0131\u015f i\u015f\u00e7ilik maliyetleri ve piyasa ko\u015fullar\u0131nda, Mal ve Hizmet \u00fcretimi ger\u00e7ekle\u015ftirmeye \u00e7al\u0131\u015fan i\u015fverenler 4857 say\u0131l\u0131 ve 5510 say\u0131l\u0131 i\u015f kanunu gibi a\u011f\u0131r y\u00fck\u00fcml\u00fcl\u00fckler getiren kanunlarla da ba\u015fa \u00e7\u0131kmaya \u00e7al\u0131\u015fmaktad\u0131r. Kanun koyucu i\u015f hukukuna ili\u015fkin esaslar\u0131 koyarken i\u015f\u00e7i ve i\u015fvereni e\u015fit \u015fekilde g\u00f6rmeyip i\u015f\u00e7iyi koruma alt\u0131na almay\u0131 tercih etmi\u015ftir. Bu [&hellip;]<\/p>\n","protected":false},"author":1,"featured_media":0,"parent":0,"menu_order":0,"comment_status":"closed","ping_status":"open","template":"","meta":{"footnotes":""},"class_list":["post-137","page","type-page","status-publish","hentry"],"_links":{"self":[{"href":"https:\/\/www.asistadenetim.com\/index.php?rest_route=\/wp\/v2\/pages\/137","targetHints":{"allow":["GET"]}}],"collection":[{"href":"https:\/\/www.asistadenetim.com\/index.php?rest_route=\/wp\/v2\/pages"}],"about":[{"href":"https:\/\/www.asistadenetim.com\/index.php?rest_route=\/wp\/v2\/types\/page"}],"author":[{"embeddable":true,"href":"https:\/\/www.asistadenetim.com\/index.php?rest_route=\/wp\/v2\/users\/1"}],"replies":[{"embeddable":true,"href":"https:\/\/www.asistadenetim.com\/index.php?rest_route=%2Fwp%2Fv2%2Fcomments&post=137"}],"version-history":[{"count":2,"href":"https:\/\/www.asistadenetim.com\/index.php?rest_route=\/wp\/v2\/pages\/137\/revisions"}],"predecessor-version":[{"id":962,"href":"https:\/\/www.asistadenetim.com\/index.php?rest_route=\/wp\/v2\/pages\/137\/revisions\/962"}],"wp:attachment":[{"href":"https:\/\/www.asistadenetim.com\/index.php?rest_route=%2Fwp%2Fv2%2Fmedia&parent=137"}],"curies":[{"name":"wp","href":"https:\/\/api.w.org\/{rel}","templated":true}]}}