{"id":138,"date":"2011-03-14T08:53:42","date_gmt":"2011-03-14T08:53:42","guid":{"rendered":"http:\/\/www.vergihaber.net\/?page_id=68"},"modified":"2017-01-25T16:36:17","modified_gmt":"2017-01-25T14:36:17","slug":"vergi-takvimi","status":"publish","type":"page","link":"https:\/\/www.asistadenetim.com\/?page_id=138","title":{"rendered":"Ba\u011f\u0131ms\u0131z Denetim"},"content":{"rendered":"<p><strong>Ba\u011f\u0131ms\u0131z Denetim \u00a0 <\/strong><\/p>\n<p><strong>\u00a0<\/strong><\/p>\n<p>Ba\u011f\u0131ms\u0131z denetim, i\u015fletmelerin y\u0131ll\u0131k finansal tablo ve di\u011fer finansal bilgilerinin, bu tablo ve bilgiler i\u00e7in belirlenen kriterlere (\u00d6rne\u011fin; TFRS \u2013UFRS Uluslararas\u0131 finansal raporlama standartlar\u0131na) uygunlu\u011fu ve do\u011frulu\u011fu hususunda, makul g\u00fcvence sa\u011flayacak yeterli ve uygun ba\u011f\u0131ms\u0131z denetim kan\u0131tlar\u0131n\u0131n elde edilmesi amac\u0131yla, genel kabul g\u00f6rm\u00fc\u015f ba\u011f\u0131ms\u0131z denetim standartlar\u0131nda \u00f6ng\u00f6r\u00fclen gerekli t\u00fcm ba\u011f\u0131ms\u0131z denetim tekniklerinin uygulanarak, defter, kay\u0131t ve belgeler \u00fczerinden denetlenmesi ve de\u011ferlendirilerek rapora ba\u011flanmas\u0131n\u0131 ifade eder.<\/p>\n<p>&nbsp;<\/p>\n<p><strong>Asista Grubu Olarak;<\/strong><\/p>\n<p><strong>\u00a0<\/strong><\/p>\n<ul>\n<li>Sermaye Piyasas\u0131 Kurulu (SPK),<\/li>\n<li>Kamu G\u00f6zetimi Muhasebe ve Denetim Standartlar\u0131 Kurumu (KGK)<\/li>\n<li>Bankac\u0131l\u0131k D\u00fczenleme ve Denetleme Kurumu (BDDK),<\/li>\n<li>T\u00fcrk Ticaret Kanunu (TTK)<\/li>\n<\/ul>\n<p>Gibi kurumlar\u0131n istekleri dahilinde zorunlu ve \u00f6zel ama\u00e7l\u0131 denetim hizmetleri sunmaktad\u0131r<\/p>\n<p>&nbsp;<\/p>\n<p>G\u00fcn\u00fcm\u00fczde yat\u0131r\u0131mc\u0131lar finansal verilerin g\u00fcvenirlili\u011finin sa\u011flanmas\u0131na \u00e7ok daha fazla ihtiya\u00e7 duymaktalar. Bir \u015firketin mali tablolar\u0131n\u0131n tam ve do\u011fru olarak a\u00e7\u0131klanmas\u0131, yat\u0131r\u0131mc\u0131lar\u0131n birinci \u00f6nceli\u011fidir.<\/p>\n","protected":false},"excerpt":{"rendered":"<p>Ba\u011f\u0131ms\u0131z Denetim \u00a0 \u00a0 Ba\u011f\u0131ms\u0131z denetim, i\u015fletmelerin y\u0131ll\u0131k finansal tablo ve di\u011fer finansal bilgilerinin, bu tablo ve bilgiler i\u00e7in belirlenen kriterlere (\u00d6rne\u011fin; TFRS \u2013UFRS Uluslararas\u0131 finansal raporlama standartlar\u0131na) uygunlu\u011fu ve do\u011frulu\u011fu hususunda, makul g\u00fcvence sa\u011flayacak yeterli ve uygun ba\u011f\u0131ms\u0131z denetim kan\u0131tlar\u0131n\u0131n elde edilmesi amac\u0131yla, genel kabul g\u00f6rm\u00fc\u015f ba\u011f\u0131ms\u0131z denetim standartlar\u0131nda \u00f6ng\u00f6r\u00fclen gerekli t\u00fcm ba\u011f\u0131ms\u0131z denetim [&hellip;]<\/p>\n","protected":false},"author":1,"featured_media":0,"parent":0,"menu_order":0,"comment_status":"closed","ping_status":"open","template":"","meta":{"footnotes":""},"class_list":["post-138","page","type-page","status-publish","hentry"],"_links":{"self":[{"href":"https:\/\/www.asistadenetim.com\/index.php?rest_route=\/wp\/v2\/pages\/138","targetHints":{"allow":["GET"]}}],"collection":[{"href":"https:\/\/www.asistadenetim.com\/index.php?rest_route=\/wp\/v2\/pages"}],"about":[{"href":"https:\/\/www.asistadenetim.com\/index.php?rest_route=\/wp\/v2\/types\/page"}],"author":[{"embeddable":true,"href":"https:\/\/www.asistadenetim.com\/index.php?rest_route=\/wp\/v2\/users\/1"}],"replies":[{"embeddable":true,"href":"https:\/\/www.asistadenetim.com\/index.php?rest_route=%2Fwp%2Fv2%2Fcomments&post=138"}],"version-history":[{"count":4,"href":"https:\/\/www.asistadenetim.com\/index.php?rest_route=\/wp\/v2\/pages\/138\/revisions"}],"predecessor-version":[{"id":968,"href":"https:\/\/www.asistadenetim.com\/index.php?rest_route=\/wp\/v2\/pages\/138\/revisions\/968"}],"wp:attachment":[{"href":"https:\/\/www.asistadenetim.com\/index.php?rest_route=%2Fwp%2Fv2%2Fmedia&parent=138"}],"curies":[{"name":"wp","href":"https:\/\/api.w.org\/{rel}","templated":true}]}}