{"id":161,"date":"2013-05-14T08:31:00","date_gmt":"2013-05-14T05:31:00","guid":{"rendered":"http:\/\/sadikacar.com.tr\/?page_id=161"},"modified":"2017-01-25T16:18:53","modified_gmt":"2017-01-25T14:18:53","slug":"faydali-linkler","status":"publish","type":"page","link":"https:\/\/www.asistadenetim.com\/?page_id=161","title":{"rendered":"Denetim ve Tam Tasdik"},"content":{"rendered":"<p><strong>TASD\u0130K H\u0130ZMETLER\u0130<\/strong><\/p>\n<p>3568 Say\u0131l\u0131 Yasa uyar\u0131nca \u2018Tasdik Yetkisi\u2019 bulunan Asista Yeminli Mali M\u00fc\u015favirlik Anonim \u015eirketi, uzman kadrosu ile Kurumlar Vergisi Kanunu\u2019na tabi \u015firketlerin ve Gelir Vergisi Kanunu\u2019na tabi i\u015fletmelerin, mali ve vergisel yap\u0131s\u0131n\u0131n ara d\u00f6nem veya tam d\u00f6nem denetlenmesi suretiyle d\u00f6nem sonu mali tablolar\u0131n\u0131 ve beyannamelerini tam tasdik kapsam\u0131nda tasdik etmektedir.<\/p>\n<p>Bu Hizmet kapsam\u0131nda;<\/p>\n<ul>\n<li>Y\u0131l i\u00e7inde her ay periyodik olarak defter, belgeler ve mali tablolar\u0131n vergi mevzuat\u0131 kapsam\u0131nda denetimleri yap\u0131lmaktad\u0131r.<\/li>\n<li>Bu denetimler, \u015firketin mali yap\u0131s\u0131nda, muhasebe sisteminde ve vergi hesaplamalar\u0131nda meydana gelebilecek mevzuata ayk\u0131r\u0131 hatalar\u0131n\u0131n tespiti ve eksikliklerin giderilmesi i\u00e7in b\u00fcy\u00fck \u00f6nem ta\u015f\u0131maktad\u0131r.<\/li>\n<li>B\u00f6ylece eksikliklerin s\u00fcresi i\u00e7inde d\u00fczeltilmesi ile b\u00fcy\u00fck cezai y\u00fck\u00fcml\u00fcl\u00fckler ortadan kald\u0131r\u0131lmaktad\u0131r.<\/li>\n<li>Bu denetimler neticesinde \u015firketin ilgili d\u00f6neme ait Kurumlar Vergisinin tasdiki yap\u0131lmakta ve raporu d\u00fczenlenmektedir.Tam tasdik yapt\u0131ran firmalar\u0131n, yat\u0131r\u0131m indirimi ve sair kurumlar vergisi istisnalar\u0131n\u0131n tasdiki i\u00e7in<strong> ayr\u0131ca rapor d\u00fczenlettirmelerine gerek yoktur. <\/strong>(25 no.lu Tebli\u011f) Ayr\u0131ca \u015firketimizce verilen baz\u0131 hizmetler a\u015fa\u011f\u0131da s\u0131ralanmaktad\u0131r;<\/li>\n<li>Tam tasdik s\u00f6zle\u015fmesi imzalayan m\u00fckellefler, prensip itibariyle<u> herhangi bir s\u0131n\u0131r s\u00f6z konusu olmaks\u0131z\u0131n<\/u>, YMM tasdik raporu ile<strong> KDV iadesi<\/strong> alabilirler.<\/li>\n<li><strong>Yeminli Mali M\u00fc\u015favirlere tasdik ettirilen beyannameler ve bunlara ili\u015fkin mal\u00ee tablolar, kamu idaresinin yetkili vergi inceleme elemanlar\u0131nca \u0130NCELENM\u0130\u015e BELGE OLARAK KABUL ED\u0130L\u0130R.<\/strong> Tam tasdik yapt\u0131ran i\u015fletmeler, normal \u015fartlarda (ihbar veya benzeri \u00f6zel bir neden olmad\u0131k\u00e7a)<strong> tekrar incelemeye tabi tutulmazlar.<\/strong> (18 no.lu Tebli\u011f)<\/li>\n<\/ul>\n<ul>\n<li>Y\u0131ll\u0131k Kurumlar ve Gelir Vergisi Beyanname Tasdiki<\/li>\n<li>Yat\u0131r\u0131m \u0130ndirimi ve Yat\u0131r\u0131m Te\u015fvik Belgesi i\u015flemleri<\/li>\n<li>Te\u015fvik, \u0130ndirim, \u0130stisna ve Muafiyetlerle \u0130lgili \u0130\u015flemler<\/li>\n<li>T\u00dcB\u0130TAK Ar-Ge yard\u0131mlar\u0131 destekleme i\u015flemleri<\/li>\n<li>AB fonlar\u0131 projelerinin denetim ve raporlanmas\u0131<\/li>\n<li>Kalk\u0131nma Ajanslar\u0131 denetim ve raporlanmas\u0131<\/li>\n<li>\u0130\u00e7 Kaynaklar\u0131n Sermayeye Eklenmesi Tasdiki<\/li>\n<li>Sermaye Art\u0131\u015f\u0131n\u0131n Tespiti Raporlar\u0131<\/li>\n<li>Dernek, Vak\u0131f gibi Kurumlar\u0131n Muafiyet \u0130stisna Raporlamas\u0131<\/li>\n<li>Kredilere \u0130li\u015fkin Tespit \u0130\u015flemleri<\/li>\n<li>Y\u0131ll\u0131k Transfer Fiyatland\u0131rmas\u0131 Raporu<\/li>\n<li>Serbest b\u00f6lgeler ile ilgili raporlamalar<\/li>\n<li>Di\u011fer \u00d6zel Ama\u00e7l\u0131 Raporlar<\/li>\n<\/ul>\n","protected":false},"excerpt":{"rendered":"<p>TASD\u0130K H\u0130ZMETLER\u0130 3568 Say\u0131l\u0131 Yasa uyar\u0131nca \u2018Tasdik Yetkisi\u2019 bulunan Asista Yeminli Mali M\u00fc\u015favirlik Anonim \u015eirketi, uzman kadrosu ile Kurumlar Vergisi Kanunu\u2019na tabi \u015firketlerin ve Gelir Vergisi Kanunu\u2019na tabi i\u015fletmelerin, mali ve vergisel yap\u0131s\u0131n\u0131n ara d\u00f6nem veya tam d\u00f6nem denetlenmesi suretiyle d\u00f6nem sonu mali tablolar\u0131n\u0131 ve beyannamelerini tam tasdik kapsam\u0131nda tasdik etmektedir. Bu Hizmet kapsam\u0131nda; Y\u0131l [&hellip;]<\/p>\n","protected":false},"author":1,"featured_media":0,"parent":0,"menu_order":0,"comment_status":"closed","ping_status":"closed","template":"","meta":{"footnotes":""},"class_list":["post-161","page","type-page","status-publish","hentry"],"_links":{"self":[{"href":"https:\/\/www.asistadenetim.com\/index.php?rest_route=\/wp\/v2\/pages\/161","targetHints":{"allow":["GET"]}}],"collection":[{"href":"https:\/\/www.asistadenetim.com\/index.php?rest_route=\/wp\/v2\/pages"}],"about":[{"href":"https:\/\/www.asistadenetim.com\/index.php?rest_route=\/wp\/v2\/types\/page"}],"author":[{"embeddable":true,"href":"https:\/\/www.asistadenetim.com\/index.php?rest_route=\/wp\/v2\/users\/1"}],"replies":[{"embeddable":true,"href":"https:\/\/www.asistadenetim.com\/index.php?rest_route=%2Fwp%2Fv2%2Fcomments&post=161"}],"version-history":[{"count":3,"href":"https:\/\/www.asistadenetim.com\/index.php?rest_route=\/wp\/v2\/pages\/161\/revisions"}],"predecessor-version":[{"id":957,"href":"https:\/\/www.asistadenetim.com\/index.php?rest_route=\/wp\/v2\/pages\/161\/revisions\/957"}],"wp:attachment":[{"href":"https:\/\/www.asistadenetim.com\/index.php?rest_route=%2Fwp%2Fv2%2Fmedia&parent=161"}],"curies":[{"name":"wp","href":"https:\/\/api.w.org\/{rel}","templated":true}]}}