{"id":1710,"date":"2018-03-08T10:42:09","date_gmt":"2018-03-08T07:42:09","guid":{"rendered":"http:\/\/www.asistadenetim.com\/?page_id=1710"},"modified":"2018-03-21T15:11:26","modified_gmt":"2018-03-21T12:11:26","slug":"egitimlerimiz","status":"publish","type":"page","link":"https:\/\/www.asistadenetim.com\/?page_id=1710","title":{"rendered":"E\u011fitimlerimiz"},"content":{"rendered":"<p>07.02.2018 Tarihli E\u011fitim<\/p>\n<ul>\n<li><a href=\"http:\/\/www.asistadenetim.com\/wp-content\/uploads\/2018\/03\/KURUMLAR-VERG\u0130S\u0130NDE-G\u0130DERLER-BEYANNAME-\u00dcZER\u0130NDE-\u0130ND\u0130R\u0130LEB\u0130LECEK-\u0130ST\u0130SNA-VE-\u0130ND\u0130R\u0130MLER-\u0130LE-\u00d6RNEK-UYGULAMALAR.pptx\">KURUMLAR VERG\u0130S\u0130NDE G\u0130DERLER, BEYANNAME \u00dcZER\u0130NDE \u0130ND\u0130R\u0130LEB\u0130LECEK \u0130ST\u0130SNA VE \u0130ND\u0130R\u0130MLER \u0130LE \u00d6RNEK UYGULAMALAR<\/a><\/li>\n<\/ul>\n\n\t\t<style type=\"text\/css\">\n\t\t\t#gallery-1 {\n\t\t\t\tmargin: auto;\n\t\t\t}\n\t\t\t#gallery-1 .gallery-item {\n\t\t\t\tfloat: left;\n\t\t\t\tmargin-top: 10px;\n\t\t\t\ttext-align: center;\n\t\t\t\twidth: 33%;\n\t\t\t}\n\t\t\t#gallery-1 img {\n\t\t\t\tborder: 2px solid #cfcfcf;\n\t\t\t}\n\t\t\t#gallery-1 .gallery-caption {\n\t\t\t\tmargin-left: 0;\n\t\t\t}\n\t\t\t\/* see gallery_shortcode() in wp-includes\/media.php *\/\n\t\t<\/style>\n\t\t<div id='gallery-1' class='gallery galleryid-1710 gallery-columns-3 gallery-size-thumbnail'><dl class='gallery-item'>\n\t\t\t<dt class='gallery-icon landscape'>\n\t\t\t\t<a href='https:\/\/www.asistadenetim.com\/wp-content\/uploads\/2018\/03\/3b74d271-491d-47f2-915e-3c88127b8dc6.jpg'><img loading=\"lazy\" decoding=\"async\" width=\"150\" height=\"150\" src=\"https:\/\/www.asistadenetim.com\/wp-content\/uploads\/2018\/03\/3b74d271-491d-47f2-915e-3c88127b8dc6-150x150.jpg\" class=\"attachment-thumbnail size-thumbnail\" alt=\"\" aria-describedby=\"gallery-1-1718\" \/><\/a>\n\t\t\t<\/dt>\n\t\t\t\t<dd class='wp-caption-text gallery-caption' id='gallery-1-1718'>\n\t\t\t\t07.02.2018 Tarihli E\u011fitim\n\t\t\t\t<\/dd><\/dl><dl class='gallery-item'>\n\t\t\t<dt class='gallery-icon landscape'>\n\t\t\t\t<a href='https:\/\/www.asistadenetim.com\/wp-content\/uploads\/2018\/03\/138dca52-c666-4991-94d2-0735dfabf560.jpg'><img loading=\"lazy\" decoding=\"async\" width=\"150\" height=\"150\" src=\"https:\/\/www.asistadenetim.com\/wp-content\/uploads\/2018\/03\/138dca52-c666-4991-94d2-0735dfabf560-150x150.jpg\" class=\"attachment-thumbnail size-thumbnail\" alt=\"\" aria-describedby=\"gallery-1-1719\" \/><\/a>\n\t\t\t<\/dt>\n\t\t\t\t<dd class='wp-caption-text gallery-caption' id='gallery-1-1719'>\n\t\t\t\t07.02.2018 Tarihli E\u011fitim\n\t\t\t\t<\/dd><\/dl><dl class='gallery-item'>\n\t\t\t<dt class='gallery-icon landscape'>\n\t\t\t\t<a href='https:\/\/www.asistadenetim.com\/wp-content\/uploads\/2018\/03\/b6f5d67a-85b7-46f9-a817-a5d24db22676.jpg'><img loading=\"lazy\" decoding=\"async\" width=\"150\" height=\"150\" src=\"https:\/\/www.asistadenetim.com\/wp-content\/uploads\/2018\/03\/b6f5d67a-85b7-46f9-a817-a5d24db22676-150x150.jpg\" class=\"attachment-thumbnail size-thumbnail\" alt=\"\" aria-describedby=\"gallery-1-1720\" \/><\/a>\n\t\t\t<\/dt>\n\t\t\t\t<dd class='wp-caption-text gallery-caption' id='gallery-1-1720'>\n\t\t\t\t07.02.2018 Tarihli E\u011fitim\n\t\t\t\t<\/dd><\/dl><br style=\"clear: both\" \/>\n\t\t<\/div>\n\n<p>&nbsp;<\/p>\n<p>07.03.2018 Tarihli E\u011fitim<\/p>\n<ul>\n<li><a href=\"http:\/\/www.asistadenetim.com\/wp-content\/uploads\/2018\/03\/AR-GE-VE-\u0130NOVASYON-\u0130\u00c7\u0130N-DEVLET-TE\u015eV\u0130KLER\u0130.pdf\">AR-GE VE \u0130NOVASYON \u0130\u00c7\u0130N DEVLET TE\u015eV\u0130KLER\u0130<\/a><\/li>\n<li><a href=\"http:\/\/www.asistadenetim.com\/wp-content\/uploads\/2018\/03\/\u0130ST\u0130HDAM-TE\u015eV\u0130KLER\u0130.pdf\">\u0130ST\u0130HDAM TE\u015eV\u0130KLER\u0130<\/a><\/li>\n<li><a href=\"http:\/\/www.asistadenetim.com\/wp-content\/uploads\/2018\/03\/\u0130\u015e-KAZALARI-VE-KAZA-ARA\u015eTIRMALARI.pdf\">\u0130\u015e KAZALARI VE KAZA ARA\u015eTIRMALARI<\/a><\/li>\n<\/ul>\n\n\t\t<style type=\"text\/css\">\n\t\t\t#gallery-2 {\n\t\t\t\tmargin: auto;\n\t\t\t}\n\t\t\t#gallery-2 .gallery-item {\n\t\t\t\tfloat: left;\n\t\t\t\tmargin-top: 10px;\n\t\t\t\ttext-align: center;\n\t\t\t\twidth: 33%;\n\t\t\t}\n\t\t\t#gallery-2 img {\n\t\t\t\tborder: 2px solid #cfcfcf;\n\t\t\t}\n\t\t\t#gallery-2 .gallery-caption {\n\t\t\t\tmargin-left: 0;\n\t\t\t}\n\t\t\t\/* see gallery_shortcode() in wp-includes\/media.php *\/\n\t\t<\/style>\n\t\t<div id='gallery-2' class='gallery galleryid-1710 gallery-columns-3 gallery-size-thumbnail'><dl class='gallery-item'>\n\t\t\t<dt class='gallery-icon landscape'>\n\t\t\t\t<a href='https:\/\/www.asistadenetim.com\/wp-content\/uploads\/2018\/03\/db5155c0-552c-4d09-ae54-948f8fe6e685.jpg'><img loading=\"lazy\" decoding=\"async\" width=\"150\" height=\"150\" src=\"https:\/\/www.asistadenetim.com\/wp-content\/uploads\/2018\/03\/db5155c0-552c-4d09-ae54-948f8fe6e685-150x150.jpg\" class=\"attachment-thumbnail size-thumbnail\" alt=\"\" aria-describedby=\"gallery-2-1752\" \/><\/a>\n\t\t\t<\/dt>\n\t\t\t\t<dd class='wp-caption-text gallery-caption' id='gallery-2-1752'>\n\t\t\t\t07.03.2018 Tarihli E\u011fitim\n\t\t\t\t<\/dd><\/dl><dl class='gallery-item'>\n\t\t\t<dt class='gallery-icon landscape'>\n\t\t\t\t<a href='https:\/\/www.asistadenetim.com\/wp-content\/uploads\/2018\/03\/a66b124c-f915-40c7-8b65-302a82697b07.jpg'><img loading=\"lazy\" decoding=\"async\" width=\"150\" height=\"150\" src=\"https:\/\/www.asistadenetim.com\/wp-content\/uploads\/2018\/03\/a66b124c-f915-40c7-8b65-302a82697b07-150x150.jpg\" class=\"attachment-thumbnail size-thumbnail\" alt=\"\" aria-describedby=\"gallery-2-1750\" \/><\/a>\n\t\t\t<\/dt>\n\t\t\t\t<dd class='wp-caption-text gallery-caption' id='gallery-2-1750'>\n\t\t\t\t07.03.2018 Tarihli E\u011fitim\n\t\t\t\t<\/dd><\/dl><dl class='gallery-item'>\n\t\t\t<dt class='gallery-icon landscape'>\n\t\t\t\t<a href='https:\/\/www.asistadenetim.com\/wp-content\/uploads\/2018\/03\/d5fb7c0d-ad43-4dd0-83d5-4955574894dc-1.jpg'><img loading=\"lazy\" decoding=\"async\" width=\"150\" height=\"150\" src=\"https:\/\/www.asistadenetim.com\/wp-content\/uploads\/2018\/03\/d5fb7c0d-ad43-4dd0-83d5-4955574894dc-1-150x150.jpg\" class=\"attachment-thumbnail size-thumbnail\" alt=\"\" aria-describedby=\"gallery-2-1753\" \/><\/a>\n\t\t\t<\/dt>\n\t\t\t\t<dd class='wp-caption-text gallery-caption' id='gallery-2-1753'>\n\t\t\t\t07.03.2018 Tarihli E\u011fitim\n\t\t\t\t<\/dd><\/dl><br style=\"clear: both\" \/>\n\t\t<\/div>\n\n","protected":false},"excerpt":{"rendered":"<p>07.02.2018 Tarihli E\u011fitim KURUMLAR VERG\u0130S\u0130NDE G\u0130DERLER, BEYANNAME \u00dcZER\u0130NDE \u0130ND\u0130R\u0130LEB\u0130LECEK \u0130ST\u0130SNA VE \u0130ND\u0130R\u0130MLER \u0130LE \u00d6RNEK UYGULAMALAR &nbsp; 07.03.2018 Tarihli E\u011fitim AR-GE VE \u0130NOVASYON \u0130\u00c7\u0130N DEVLET TE\u015eV\u0130KLER\u0130 \u0130ST\u0130HDAM TE\u015eV\u0130KLER\u0130 \u0130\u015e KAZALARI VE KAZA ARA\u015eTIRMALARI<\/p>\n","protected":false},"author":1,"featured_media":0,"parent":0,"menu_order":0,"comment_status":"closed","ping_status":"closed","template":"","meta":{"footnotes":""},"class_list":["post-1710","page","type-page","status-publish","hentry"],"_links":{"self":[{"href":"https:\/\/www.asistadenetim.com\/index.php?rest_route=\/wp\/v2\/pages\/1710","targetHints":{"allow":["GET"]}}],"collection":[{"href":"https:\/\/www.asistadenetim.com\/index.php?rest_route=\/wp\/v2\/pages"}],"about":[{"href":"https:\/\/www.asistadenetim.com\/index.php?rest_route=\/wp\/v2\/types\/page"}],"author":[{"embeddable":true,"href":"https:\/\/www.asistadenetim.com\/index.php?rest_route=\/wp\/v2\/users\/1"}],"replies":[{"embeddable":true,"href":"https:\/\/www.asistadenetim.com\/index.php?rest_route=%2Fwp%2Fv2%2Fcomments&post=1710"}],"version-history":[{"count":9,"href":"https:\/\/www.asistadenetim.com\/index.php?rest_route=\/wp\/v2\/pages\/1710\/revisions"}],"predecessor-version":[{"id":1758,"href":"https:\/\/www.asistadenetim.com\/index.php?rest_route=\/wp\/v2\/pages\/1710\/revisions\/1758"}],"wp:attachment":[{"href":"https:\/\/www.asistadenetim.com\/index.php?rest_route=%2Fwp%2Fv2%2Fmedia&parent=1710"}],"curies":[{"name":"wp","href":"https:\/\/api.w.org\/{rel}","templated":true}]}}