{"id":577,"date":"2016-04-25T16:45:06","date_gmt":"2016-04-25T13:45:06","guid":{"rendered":"http:\/\/www.mbaymm.com\/?page_id=577"},"modified":"2017-01-25T16:28:02","modified_gmt":"2017-01-25T14:28:02","slug":"etkinlikler","status":"publish","type":"page","link":"https:\/\/www.asistadenetim.com\/?page_id=577","title":{"rendered":"Vergi \u0130ncelemeleri ve Vergi Davalar\u0131nda \u00c7\u00f6z\u00fcm Hizmetleri"},"content":{"rendered":"<p><strong>VERG\u0130 \u0130NCELEMELER\u0130 VE VERG\u0130 DAVALARI \u00c7\u00d6Z\u00dcM H\u0130ZMETLER\u0130<\/strong><\/p>\n<p>&nbsp;<\/p>\n<p>T\u00fcrk vergi sisteminde elde edilen gelir yada kazanc\u0131n m\u00fckellef taraf\u0131ndan beyan edilmesi esas\u0131 ge\u00e7erlidir. Bu durum beraberinde, m\u00fckellef beyanlar\u0131n\u0131n do\u011frulu\u011funun tespit edilmesini getirmektedir.<\/p>\n<p>Vergi Usul Kanunu\u2019nun 134\u2019\u00fcnc\u00fc maddesinde, vergi incelemesinden maksad\u0131n, \u00f6denmesi gereken vergilerin do\u011frulu\u011funu ara\u015ft\u0131rmak, tespit etmek ve sa\u011flamak oldu\u011fu belirtilmi\u015ftir. Buna g\u00f6re bu i\u015flem, m\u00fckellefin \u00f6dedi\u011fi verginin defter, hesap, kay\u0131t ve belgeler ile gerekli oldu\u011funda yap\u0131lacak fiili envanter ve ara\u015ft\u0131rmalardan elde edilecek bulgular\u0131n uygunlu\u011funun incelenmesi ve do\u011frulu\u011funun saptanmas\u0131d\u0131r.<\/p>\n<p>Bu kapsamda Asista Grubu olarak a\u015fa\u011f\u0131daki hizmetleri sizlere sunmaktay\u0131z.<\/p>\n<p>-Vergi incelemesi \u00f6ncesi g\u00f6zden ge\u00e7irme ve haz\u0131rl\u0131k \u00e7al\u0131\u015fmalar\u0131na destek,<\/p>\n<p>-Vergi incelemesi s\u0131ras\u0131nda ve tutanak a\u015famas\u0131nda temsil ve dan\u0131\u015fmanl\u0131k,<\/p>\n<p>&#8211; D\u00fczenlenen vergi inceleme raporlar\u0131n\u0131n \u015firket komisyonlar\u0131m\u0131zda g\u00f6r\u00fc\u015f\u00fclerek a\u00e7\u0131klama ve itirazlar\u0131n olu\u015fturulmas\u0131,<\/p>\n<p>-Vergi uzla\u015fma komisyonlar\u0131nda \u015firketi temsil etme,<\/p>\n<p>&#8211; Uzla\u015fma olmamas\u0131 durumunda dava dilek\u00e7elerinin ve dava s\u00fcrecinin y\u00fcr\u00fct\u00fclmesi.<\/p>\n","protected":false},"excerpt":{"rendered":"<p>VERG\u0130 \u0130NCELEMELER\u0130 VE VERG\u0130 DAVALARI \u00c7\u00d6Z\u00dcM H\u0130ZMETLER\u0130 &nbsp; T\u00fcrk vergi sisteminde elde edilen gelir yada kazanc\u0131n m\u00fckellef taraf\u0131ndan beyan edilmesi esas\u0131 ge\u00e7erlidir. Bu durum beraberinde, m\u00fckellef beyanlar\u0131n\u0131n do\u011frulu\u011funun tespit edilmesini getirmektedir. Vergi Usul Kanunu\u2019nun 134\u2019\u00fcnc\u00fc maddesinde, vergi incelemesinden maksad\u0131n, \u00f6denmesi gereken vergilerin do\u011frulu\u011funu ara\u015ft\u0131rmak, tespit etmek ve sa\u011flamak oldu\u011fu belirtilmi\u015ftir. Buna g\u00f6re bu i\u015flem, m\u00fckellefin [&hellip;]<\/p>\n","protected":false},"author":1,"featured_media":0,"parent":0,"menu_order":0,"comment_status":"closed","ping_status":"closed","template":"","meta":{"footnotes":""},"class_list":["post-577","page","type-page","status-publish","hentry"],"_links":{"self":[{"href":"https:\/\/www.asistadenetim.com\/index.php?rest_route=\/wp\/v2\/pages\/577","targetHints":{"allow":["GET"]}}],"collection":[{"href":"https:\/\/www.asistadenetim.com\/index.php?rest_route=\/wp\/v2\/pages"}],"about":[{"href":"https:\/\/www.asistadenetim.com\/index.php?rest_route=\/wp\/v2\/types\/page"}],"author":[{"embeddable":true,"href":"https:\/\/www.asistadenetim.com\/index.php?rest_route=\/wp\/v2\/users\/1"}],"replies":[{"embeddable":true,"href":"https:\/\/www.asistadenetim.com\/index.php?rest_route=%2Fwp%2Fv2%2Fcomments&post=577"}],"version-history":[{"count":2,"href":"https:\/\/www.asistadenetim.com\/index.php?rest_route=\/wp\/v2\/pages\/577\/revisions"}],"predecessor-version":[{"id":961,"href":"https:\/\/www.asistadenetim.com\/index.php?rest_route=\/wp\/v2\/pages\/577\/revisions\/961"}],"wp:attachment":[{"href":"https:\/\/www.asistadenetim.com\/index.php?rest_route=%2Fwp%2Fv2%2Fmedia&parent=577"}],"curies":[{"name":"wp","href":"https:\/\/api.w.org\/{rel}","templated":true}]}}